{"id":7075,"date":"2025-09-22T22:49:15","date_gmt":"2025-09-22T20:49:15","guid":{"rendered":"https:\/\/jetztlike.de\/?page_id=7075"},"modified":"2025-11-24T15:40:10","modified_gmt":"2025-11-24T14:40:10","slug":"strona-glowna","status":"publish","type":"page","link":"https:\/\/jetztlike.de\/pl\/","title":{"rendered":"Strona g\u0142\u00f3wna"},"content":{"rendered":"\t\t<div data-elementor-type=\"wp-page\" data-elementor-id=\"7075\" class=\"elementor elementor-7075 elementor-342\" data-elementor-post-type=\"page\">\n\t\t\t\t<div class=\"elementor-element elementor-element-f58493f gradient-bg-colorful e-flex e-con-boxed e-con e-parent\" data-id=\"f58493f\" data-element_type=\"container\" data-settings=\"{&quot;background_background&quot;:&quot;classic&quot;}\">\n\t\t\t\t\t<div class=\"e-con-inner\">\n\t\t<div class=\"elementor-element elementor-element-4c34dbd e-con-full e-flex e-con e-child\" data-id=\"4c34dbd\" data-element_type=\"container\">\n\t\t\t\t<div class=\"elementor-element elementor-element-70ca55c elementor-invisible elementor-widget elementor-widget-heading\" data-id=\"70ca55c\" data-element_type=\"widget\" data-settings=\"{&quot;_animation&quot;:&quot;fadeInLeft&quot;}\" data-widget_type=\"heading.default\">\n\t\t\t\t\t<h2 class=\"elementor-heading-title elementor-size-default\">Promuj sw\u00f3j profil w mediach spo\u0142eczno\u015bciowych<\/h2>\t\t\t\t<\/div>\n\t\t\t\t<div class=\"elementor-element elementor-element-cbf48ab elementor-invisible elementor-widget elementor-widget-text-editor\" data-id=\"cbf48ab\" data-element_type=\"widget\" data-settings=\"{&quot;_animation&quot;:&quot;fadeInLeft&quot;}\" data-widget_type=\"text-editor.default\">\n\t\t\t\t\t\t\t\t\tKupuj prawdziwe lajki, obserwator\u00f3w i wy\u015bwietlenia w mediach spo\u0142eczno\u015bciowych.<br> <br> <br> Zacznij promowa\u0107 swoje profile ju\u017c dzi\u015b i wybierz us\u0142ug\u0119 odpowiedni\u0105 dla siebie.\t\t\t\t\t\t\t\t<\/div>\n\t\t\t\t<\/div>\n\t\t<div class=\"elementor-element elementor-element-c296277 e-con-full e-flex e-con e-child\" data-id=\"c296277\" data-element_type=\"container\">\n\t\t\t\t<div class=\"elementor-element elementor-element-e655ba7 air-float elementor-invisible elementor-widget elementor-widget-image\" data-id=\"e655ba7\" data-element_type=\"widget\" data-settings=\"{&quot;_animation&quot;:&quot;fadeInRight&quot;}\" data-widget_type=\"image.default\">\n\t\t\t\t\t\t\t\t\t\t\t\t\t\t\t<img fetchpriority=\"high\" decoding=\"async\" width=\"850\" height=\"634\" src=\"https:\/\/jetztlike.de\/wp-content\/uploads\/2025\/09\/image-smo.png\" class=\"attachment-full size-full wp-image-7070\" alt=\"\" srcset=\"https:\/\/jetztlike.de\/wp-content\/uploads\/2025\/09\/image-smo.png 850w, https:\/\/jetztlike.de\/wp-content\/uploads\/2025\/09\/image-smo-300x224.png 300w, https:\/\/jetztlike.de\/wp-content\/uploads\/2025\/09\/image-smo-768x573.png 768w, https:\/\/jetztlike.de\/wp-content\/uploads\/2025\/09\/image-smo-600x448.png 600w\" sizes=\"(max-width: 850px) 100vw, 850px\" \/>\t\t\t\t\t\t\t\t\t\t\t\t\t\t\t<\/div>\n\t\t\t\t<\/div>\n\t\t\t\t\t<\/div>\n\t\t\t\t<\/div>\n\t\t\t\t<\/div>\n\t\t","protected":false},"excerpt":{"rendered":"<p>Promuj sw\u00f3j profil w mediach spo\u0142eczno\u015bciowych Kupuj prawdziwe lajki, obserwator\u00f3w i wy\u015bwietlenia w mediach spo\u0142eczno\u015bciowych. Zacznij promowa\u0107 swoje profile ju\u017c [&hellip;]<\/p>\n","protected":false},"author":2,"featured_media":0,"parent":0,"menu_order":0,"comment_status":"closed","ping_status":"closed","template":"","meta":{"_acf_changed":false,"_eb_attr":"","site-sidebar-layout":"no-sidebar","site-content-layout":"","ast-site-content-layout":"full-width-container","site-content-style":"default","site-sidebar-style":"default","ast-global-header-display":"","ast-banner-title-visibility":"","ast-main-header-display":"","ast-hfb-above-header-display":"","ast-hfb-below-header-display":"","ast-hfb-mobile-header-display":"","site-post-title":"disabled","ast-breadcrumbs-content":"","ast-featured-img":"disabled","footer-sml-layout":"","theme-transparent-header-meta":"default","adv-header-id-meta":"","stick-header-meta":"","header-above-stick-meta":"","header-main-stick-meta":"","header-below-stick-meta":"","astra-migrate-meta-layouts":"default","ast-page-background-enabled":"default","ast-page-background-meta":{"desktop":{"background-color":"var(--ast-global-color-5)","background-image":"","background-repeat":"repeat","background-position":"center center","background-size":"auto","background-attachment":"scroll","background-type":"","background-media":"","overlay-type":"","overlay-color":"","overlay-opacity":"","overlay-gradient":""},"tablet":{"background-color":"","background-image":"","background-repeat":"repeat","background-position":"center center","background-size":"auto","background-attachment":"scroll","background-type":"","background-media":"","overlay-type":"","overlay-color":"","overlay-opacity":"","overlay-gradient":""},"mobile":{"background-color":"","background-image":"","background-repeat":"repeat","background-position":"center center","background-size":"auto","background-attachment":"scroll","background-type":"","background-media":"","overlay-type":"","overlay-color":"","overlay-opacity":"","overlay-gradient":""}},"ast-content-background-meta":{"desktop":{"background-color":"var(--ast-global-color-4)","background-image":"","background-repeat":"repeat","background-position":"center center","background-size":"auto","background-attachment":"scroll","background-type":"","background-media":"","overlay-type":"","overlay-color":"","overlay-opacity":"","overlay-gradient":""},"tablet":{"background-color":"var(--ast-global-color-4)","background-image":"","background-repeat":"repeat","background-position":"center center","background-size":"auto","background-attachment":"scroll","background-type":"","background-media":"","overlay-type":"","overlay-color":"","overlay-opacity":"","overlay-gradient":""},"mobile":{"background-color":"var(--ast-global-color-4)","background-image":"","background-repeat":"repeat","background-position":"center center","background-size":"auto","background-attachment":"scroll","background-type":"","background-media":"","overlay-type":"","overlay-color":"","overlay-opacity":"","overlay-gradient":""}},"footnotes":""},"class_list":["post-7075","page","type-page","status-publish","hentry"],"acf":[],"_hostinger_reach_plugin_has_subscription_block":false,"_hostinger_reach_plugin_is_elementor":false,"jetpack_sharing_enabled":true,"_links":{"self":[{"href":"https:\/\/jetztlike.de\/pl\/wp-json\/wp\/v2\/pages\/7075","targetHints":{"allow":["GET"]}}],"collection":[{"href":"https:\/\/jetztlike.de\/pl\/wp-json\/wp\/v2\/pages"}],"about":[{"href":"https:\/\/jetztlike.de\/pl\/wp-json\/wp\/v2\/types\/page"}],"author":[{"embeddable":true,"href":"https:\/\/jetztlike.de\/pl\/wp-json\/wp\/v2\/users\/2"}],"replies":[{"embeddable":true,"href":"https:\/\/jetztlike.de\/pl\/wp-json\/wp\/v2\/comments?post=7075"}],"version-history":[{"count":4,"href":"https:\/\/jetztlike.de\/pl\/wp-json\/wp\/v2\/pages\/7075\/revisions"}],"predecessor-version":[{"id":7370,"href":"https:\/\/jetztlike.de\/pl\/wp-json\/wp\/v2\/pages\/7075\/revisions\/7370"}],"wp:attachment":[{"href":"https:\/\/jetztlike.de\/pl\/wp-json\/wp\/v2\/media?parent=7075"}],"curies":[{"name":"wp","href":"https:\/\/api.w.org\/{rel}","templated":true}]}}